{"id":74,"date":"2016-08-01T13:10:50","date_gmt":"2016-08-01T13:10:50","guid":{"rendered":"https:\/\/cornerstone.qodeinteractive.com\/?page_id=74"},"modified":"2023-02-24T22:08:58","modified_gmt":"2023-02-25T03:08:58","slug":"builder-home","status":"publish","type":"page","link":"https:\/\/induandreu.com\/","title":{"rendered":"Builder Home"},"content":{"rendered":"<p>[vc_row row_type=\u00bbparallax\u00bb content_aligment=\u00bbcenter\u00bb full_screen_section_height=\u00bbno\u00bb section_height=\u00bb690&#8243; parallax_background_image=\u00bb11309&#8243;][vc_column][\/vc_column][\/vc_row][vc_row content_width=\u00bbgrid\u00bb css=\u00bb.vc_custom_1479391480825{margin-top: -580px !important;padding-right: 0px !important;padding-left: 0px !important;}\u00bb][vc_column]<div class=\"mkd-elements-holder mkd-responsive-mode-768\" ><div class=\"mkd-elements-holder-item mkd-width-1-1 mkd-horizontal-alignment-left\" data-item-class=\"mkd-elements-holder-custom-108952\" data-768-1024=\"0% 0 0\" >\n\t<div class=\"mkd-elements-holder-item-inner\">\n\t\t<div class=\"mkd-elements-holder-item-content mkd-elements-holder-custom-108952\" style=\"padding: 0\">\n            \t\t\t    [rev_slider_vc alias=\u00bbhome-2&#8243;]            \t\t<\/div>\n\t<\/div>\n<\/div><\/div>[\/vc_column][\/vc_row][vc_row content_width=\u00bbgrid\u00bb content_aligment=\u00bbcenter\u00bb css=\u00bb.vc_custom_1478097383533{padding-top: 97px !important;padding-bottom: 60px !important;}\u00bb][vc_column css=\u00bb.vc_custom_1478096324188{padding-top: 0px !important;padding-bottom: 31px !important;}\u00bb offset=\u00bbvc_col-md-4&#8243;]<div class=\"mkd-elements-holder mkd-responsive-mode-768\" ><div class=\"mkd-elements-holder-item mkd-width-1-1 mkd-horizontal-alignment-left\" data-item-class=\"mkd-elements-holder-custom-532289\" data-480=\"120px 10px 0\" >\n\t<div class=\"mkd-elements-holder-item-inner\">\n\t\t<div class=\"mkd-elements-holder-item-content mkd-elements-holder-custom-532289\" >\n            \t\t\t    <div class=\"mkd-iwt clearfix mkd-iwt-icon-top mkd-iwt-icon-tiny\" style=\"text-align: left\">\n\t<div class=\"mkd-iwt-icon-holder\">\n\t\t\t\t\t<span\n\t\t\t\tclass=\"mkd-iwt-custom-icon\" ><img loading=\"lazy\" decoding=\"async\" width=\"80\" height=\"70\" src=\"https:\/\/induandreu.com\/wp-content\/uploads\/2023\/02\/calidad.jpg\" class=\"attachment-full size-full\" alt=\"\" \/><\/span>\n\t\t\t<\/div>\n\t<div class=\"mkd-iwt-content-holder\" >\n\t\t\t\t<div class=\"mkd-iwt-title-holder\">\n\t\t\t<h4\t\t\tclass=\"mkd-iwt-title\" style=\"font-weight: 700\"\t\t\t>Calidad<\/h4>\n\t<\/div>\n\t\t<div class=\"mkd-iwt-text-holder\">\n\t\t<p >Nos caracterizamos por mantener los m\u00e1s altos est\u00e1ndares de calidad para superar las expectativas de nuestros clientes.<\/p>\n\n\t\t\t<\/div>\n<\/div>\n<\/div>            \t\t<\/div>\n\t<\/div>\n<\/div><\/div>[\/vc_column][vc_column css=\u00bb.vc_custom_1478096331995{padding-top: 0px !important;padding-bottom: 31px !important;}\u00bb offset=\u00bbvc_col-md-4&#8243;]<div class=\"mkd-elements-holder mkd-responsive-mode-768\" ><div class=\"mkd-elements-holder-item mkd-width-1-1 mkd-horizontal-alignment-left\" data-item-class=\"mkd-elements-holder-custom-813097\" >\n\t<div class=\"mkd-elements-holder-item-inner\">\n\t\t<div class=\"mkd-elements-holder-item-content mkd-elements-holder-custom-813097\" >\n            \t\t\t    <div class=\"mkd-iwt clearfix mkd-iwt-icon-top mkd-iwt-icon-tiny\" style=\"text-align: left\">\n\t<div class=\"mkd-iwt-icon-holder\">\n\t\t\t\t\t<span\n\t\t\t\tclass=\"mkd-iwt-custom-icon\" ><img loading=\"lazy\" decoding=\"async\" width=\"80\" height=\"70\" src=\"https:\/\/induandreu.com\/wp-content\/uploads\/2023\/02\/tecnologia.jpg\" class=\"attachment-full size-full\" alt=\"\" \/><\/span>\n\t\t\t<\/div>\n\t<div class=\"mkd-iwt-content-holder\" >\n\t\t\t\t<div class=\"mkd-iwt-title-holder\">\n\t\t\t<h4\t\t\tclass=\"mkd-iwt-title\" style=\"font-weight: 900\"\t\t\t>Tecnolog\u00eda<\/h4>\n\t<\/div>\n\t\t<div class=\"mkd-iwt-text-holder\">\n\t\t<p >Innovamos con productos para ofrecer el mejor rendimiento a tu cultivo.<\/p>\n\n\t\t\t<\/div>\n<\/div>\n<\/div>            \t\t<\/div>\n\t<\/div>\n<\/div><\/div>[\/vc_column][vc_column css=\u00bb.vc_custom_1470231606153{padding-top: 0px !important;padding-bottom: 31px !important;}\u00bb offset=\u00bbvc_col-md-4&#8243;]<div class=\"mkd-elements-holder mkd-responsive-mode-768\" ><div class=\"mkd-elements-holder-item mkd-width-1-1 mkd-horizontal-alignment-left\" data-item-class=\"mkd-elements-holder-custom-608060\" >\n\t<div class=\"mkd-elements-holder-item-inner\">\n\t\t<div class=\"mkd-elements-holder-item-content mkd-elements-holder-custom-608060\" >\n            \t\t\t    <div class=\"mkd-iwt clearfix mkd-iwt-icon-top mkd-iwt-icon-tiny\" style=\"text-align: left\">\n\t<div class=\"mkd-iwt-icon-holder\">\n\t\t\t\t\t<span\n\t\t\t\tclass=\"mkd-iwt-custom-icon\" ><img loading=\"lazy\" decoding=\"async\" width=\"80\" height=\"70\" src=\"https:\/\/induandreu.com\/wp-content\/uploads\/2023\/02\/fabrica.jpg\" class=\"attachment-full size-full\" alt=\"\" \/><\/span>\n\t\t\t<\/div>\n\t<div class=\"mkd-iwt-content-holder\" >\n\t\t\t\t<div class=\"mkd-iwt-title-holder\">\n\t\t\t<h4\t\t\tclass=\"mkd-iwt-title\" style=\"font-weight: 700\"\t\t\t>Experiencia<\/h4>\n\t<\/div>\n\t\t<div class=\"mkd-iwt-text-holder\">\n\t\t<p >Contamos con mas de 20 a\u00f1os de amplia experiencia en la fabricaci\u00f3n y distribuci\u00f3n de productos qu\u00edmicos.<\/p>\n\n\t\t\t<\/div>\n<\/div>\n<\/div>            \t\t<\/div>\n\t<\/div>\n<\/div><\/div>[\/vc_column][\/vc_row][vc_row row_type=\u00bbparallax\u00bb content_width=\u00bbgrid\u00bb content_aligment=\u00bbcenter\u00bb full_screen_section_height=\u00bbno\u00bb parallax_background_image=\u00bb11309&#8243; css=\u00bb.vc_custom_1677259851527{padding-top: 90px !important;padding-bottom: 69px !important;}\u00bb][vc_column][vc_empty_space height=\u00bb46px\u00bb][\/vc_column][\/vc_row][vc_row content_width=\u00bbgrid\u00bb][vc_column][vc_empty_space height=\u00bb46px\u00bb]<div class=\"mkd-section-title-holder\">\n\t<h1 class=\"mkd-section-title mkd-section-title-large mkd-section-title-center\" style=\"color: #24168e;text-align: center\">\n\t\t<span>\n\t\t\tSOBRE NOSOTROS\t\t<\/span>\n\t<\/h1>\n<\/div><div class=\"mkd-elements-holder mkd-responsive-mode-1024\" ><div class=\"mkd-elements-holder-item mkd-width-1-1 mkd-horizontal-alignment-left\" data-item-class=\"mkd-elements-holder-custom-483666\" data-768-1024=\"100px 0 45px\" data-600-768=\"100px 0 75px\" data-480-600=\"100px 0 10px\" data-480=\"100px 0 10px\" >\n\t<div class=\"mkd-elements-holder-item-inner\">\n\t\t<div class=\"mkd-elements-holder-item-content mkd-elements-holder-custom-483666\" style=\"padding: 100px 0 92px\">\n            \t\t\t    [vc_single_image image=\u00bb11328&#8243; img_size=\u00bbfull\u00bb][vc_empty_space height=\u00bb18px\u00bb][vc_column_text][\/vc_column_text]            \t\t<\/div>\n\t<\/div>\n<\/div><div class=\"mkd-elements-holder-item mkd-width-1-1 mkd-horizontal-alignment-left\" data-item-class=\"mkd-elements-holder-custom-161770\" data-768-1024=\"35px 0 50px 0\" data-600-768=\"0 0 50px 0\" data-480-600=\"35px 0 40px 0%\" data-480=\"35px 0 40px 0%\" >\n\t<div class=\"mkd-elements-holder-item-inner\">\n\t\t<div class=\"mkd-elements-holder-item-content mkd-elements-holder-custom-161770\" style=\"padding: 35px 0 0 14%\">\n            \t\t\t    <div class=\"mkd-process-holder mkd-process-vertical\">\n\t<div class=\"mkd-process-inner\">\n\t\t<div class=\"mkd-process-item-holder\">\n\t<div class=\"mkd-pi-holder-inner  clearfix\">\n\t\t<div class=\"mkd-pi-holder\">\n\t\t\t\t\t\t\t<div class=\"mkd-pi\">\n\t\t\t\t\t<img loading=\"lazy\" decoding=\"async\" width=\"139\" height=\"139\" src=\"https:\/\/induandreu.com\/wp-content\/uploads\/2016\/11\/h9-process-img-1.png\" class=\"attachment-full size-full\" alt=\"a\" \/>\t\t\t\t<\/div>\n\t\t\t\t\t<\/div>\n\t\t<div class=\"mkd-pi-content-holder\">\n\t\t\t\n\t\t\t\t\t\t\t<div class=\"mkd-pi-text-holder\">\n\t\t\t\t\t<p>Somos una empresa peruana con m\u00e1s de 20 a\u00f1os de experiencia, produciendo y abasteciendo Sulfato de Cobre, Sulfato de Zinc y Polvo de Zinc a los diferentes sectores industriales del pa\u00eds, a su vez el mercado exterior.<\/p>\n\t\t\t\t<\/div>\n\t\t\t\n\t\t\t\t\t<\/div>\n\t<\/div>\n<\/div>\t<\/div>\n<\/div>            \t\t<\/div>\n\t<\/div>\n<\/div><\/div><div class=\"mkd-section-subtitle-holder mkd-section-subtitle-center\" style=\"width: 55%\">\n\t<p style=\"color: #ffffff;text-align: center\" class=\"mkd-section-subtitle\">Lorem ipsum proin gravida nibh vel velit auctor aliquet. Aenean sollicitudin, lorem quis bibendum auctoelit consequat ipsum.<\/p>\n<\/div>[\/vc_column][\/vc_row][vc_row content_width=\u00bbgrid\u00bb content_aligment=\u00bbcenter\u00bb css=\u00bb.vc_custom_1478600690368{padding-top: 84px !important;padding-bottom: 30px !important;background-image: url(https:\/\/cornerstone.qodeinteractive.com\/wp-content\/uploads\/2016\/08\/h2-background-img-2.jpg?id=8798) !important;}\u00bb][vc_column]<div class=\"mkd-section-title-holder\">\n\t<h1 class=\"mkd-section-title mkd-section-title-large mkd-section-title-center\" style=\"text-align: center\">\n\t\t<span>\n\t\t\tNUESTROS PRINCIPALES PRODUCTOS\t\t<\/span>\n\t<\/h1>\n<\/div><div class=\"mkd-section-subtitle-holder mkd-section-subtitle-center\" style=\"width: 55%\">\n\t<p style=\"text-align: center\" class=\"mkd-section-subtitle\">Producci\u00f3n y abastecimiento de productos qu\u00edmicos para la agricultura y miner\u00eda.<\/p>\n<\/div>[vc_empty_space height=\u00bb46px\u00bb][vc_row_inner][vc_column_inner width=\u00bb1\/4&#8243;]<div class=\"mkd-section-title-holder\">\n\t<h2 class=\"mkd-section-title mkd-section-title-medium mkd-section-title-center\" style=\"color: #384772;text-align: center;margin-bottom: 50px\">\n\t\t<span>\n\t\t\tPolvo de Zinc\t\t<\/span>\n\t<\/h2>\n<\/div>[vc_gallery type=\u00bbimage_grid\u00bb images=\u00bb11360&#8243; img_size=\u00bbmedium\u00bb]<a href=\"#\"\n   target=\"_blank\" style=\"margin: 30px 20px 20px 30px\" class=\"mkd-btn mkd-btn-outline mkd-btn-medium mkd-btn-hover-solid\"  >\n\t<span class=\"mkd-btn-text\">Ficha Tecnica<\/span>\n\t\n\t\n\t<\/a>[\/vc_column_inner][vc_column_inner width=\u00bb1\/4&#8243;]<div class=\"mkd-section-title-holder\">\n\t<h2 class=\"mkd-section-title mkd-section-title-medium mkd-section-title-center\" style=\"color: #384772;text-align: center;margin-bottom: 50px\">\n\t\t<span>\n\t\t\tOxido de Zinc\t\t<\/span>\n\t<\/h2>\n<\/div>[vc_gallery type=\u00bbimage_grid\u00bb images=\u00bb11374&#8243; img_size=\u00bbmedium\u00bb]<a href=\"http:\/\/induandreu.com\/wp-content\/uploads\/2023\/02\/oxido-de-zinc-1.pdf\"\n   target=\"_blank\" style=\"margin: 30px 20px 20px 30px\" class=\"mkd-btn mkd-btn-outline mkd-btn-medium mkd-btn-hover-solid\"  >\n\t<span class=\"mkd-btn-text\">Ficha Tecnica<\/span>\n\t\n\t\n\t<\/a>[\/vc_column_inner][vc_column_inner width=\u00bb1\/4&#8243;]<div class=\"mkd-section-title-holder\">\n\t<h2 class=\"mkd-section-title mkd-section-title-medium mkd-section-title-center\" style=\"color: #384772;text-align: center\">\n\t\t<span>\n\t\t\tZulfato de zinc heptahidratado\t\t<\/span>\n\t<\/h2>\n<\/div>[vc_gallery type=\u00bbimage_grid\u00bb images=\u00bb11377&#8243; img_size=\u00bbmedium\u00bb]<a href=\"http:\/\/induandreu.com\/wp-content\/uploads\/2023\/02\/sulfato-de-zinc-heptahidratado.pdf\"\n   target=\"_blank\" style=\"margin: 30px 20px 20px 30px\" class=\"mkd-btn mkd-btn-outline mkd-btn-medium mkd-btn-hover-solid\"  >\n\t<span class=\"mkd-btn-text\">Ficha Tecnica<\/span>\n\t\n\t\n\t<\/a>[\/vc_column_inner][vc_column_inner width=\u00bb1\/4&#8243;]<div class=\"mkd-section-title-holder\">\n\t<h2 class=\"mkd-section-title mkd-section-title-medium mkd-section-title-center\" style=\"color: #384772;text-align: center\">\n\t\t<span>\n\t\t\tZulfato de cobre pentahidratado\t\t<\/span>\n\t<\/h2>\n<\/div>[vc_gallery type=\u00bbimage_grid\u00bb images=\u00bb11388&#8243; img_size=\u00bbmedium\u00bb]<a href=\"http:\/\/induandreu.com\/wp-content\/uploads\/2023\/02\/sulfato-de-cobre-pentahidratado.pdf\"\n   target=\"_blank\" style=\"margin: 30px 20px 20px 30px\" class=\"mkd-btn mkd-btn-outline mkd-btn-medium mkd-btn-hover-solid\"  >\n\t<span class=\"mkd-btn-text\">Ficha Tecnica<\/span>\n\t\n\t\n\t<\/a>[\/vc_column_inner][\/vc_row_inner][\/vc_column][\/vc_row]<\/p>\n","protected":false},"excerpt":{"rendered":"<p>[vc_row row_type=\u00bbparallax\u00bb content_aligment=\u00bbcenter\u00bb full_screen_section_height=\u00bbno\u00bb section_height=\u00bb690&#8243; parallax_background_image=\u00bb11309&#8243;][vc_column][\/vc_column][\/vc_row][vc_row content_width=\u00bbgrid\u00bb css=\u00bb.vc_custom_1479391480825{margin-top: -580px !important;padding-right: 0px !important;padding-left: 0px !important;}\u00bb][vc_column][\/vc_column][\/vc_row][vc_row content_width=\u00bbgrid\u00bb content_aligment=\u00bbcenter\u00bb css=\u00bb.vc_custom_1478097383533{padding-top: 97px !important;padding-bottom: 60px !important;}\u00bb][vc_column css=\u00bb.vc_custom_1478096324188{padding-top: 0px !important;padding-bottom: 31px !important;}\u00bb offset=\u00bbvc_col-md-4&#8243;][\/vc_column][vc_column css=\u00bb.vc_custom_1478096331995{padding-top: 0px !important;padding-bottom: 31px !important;}\u00bb offset=\u00bbvc_col-md-4&#8243;][\/vc_column][vc_column css=\u00bb.vc_custom_1470231606153{padding-top: 0px !important;padding-bottom: 31px !important;}\u00bb offset=\u00bbvc_col-md-4&#8243;][\/vc_column][\/vc_row][vc_row row_type=\u00bbparallax\u00bb content_width=\u00bbgrid\u00bb content_aligment=\u00bbcenter\u00bb full_screen_section_height=\u00bbno\u00bb parallax_background_image=\u00bb11309&#8243; css=\u00bb.vc_custom_1677259851527{padding-top:&#8230;<\/p>\n","protected":false},"author":1,"featured_media":0,"parent":0,"menu_order":0,"comment_status":"closed","ping_status":"closed","template":"full-width.php","meta":{"footnotes":""},"class_list":["post-74","page","type-page","status-publish","hentry"],"_links":{"self":[{"href":"https:\/\/induandreu.com\/index.php\/wp-json\/wp\/v2\/pages\/74","targetHints":{"allow":["GET"]}}],"collection":[{"href":"https:\/\/induandreu.com\/index.php\/wp-json\/wp\/v2\/pages"}],"about":[{"href":"https:\/\/induandreu.com\/index.php\/wp-json\/wp\/v2\/types\/page"}],"author":[{"embeddable":true,"href":"https:\/\/induandreu.com\/index.php\/wp-json\/wp\/v2\/users\/1"}],"replies":[{"embeddable":true,"href":"https:\/\/induandreu.com\/index.php\/wp-json\/wp\/v2\/comments?post=74"}],"version-history":[{"count":64,"href":"https:\/\/induandreu.com\/index.php\/wp-json\/wp\/v2\/pages\/74\/revisions"}],"predecessor-version":[{"id":11416,"href":"https:\/\/induandreu.com\/index.php\/wp-json\/wp\/v2\/pages\/74\/revisions\/11416"}],"wp:attachment":[{"href":"https:\/\/induandreu.com\/index.php\/wp-json\/wp\/v2\/media?parent=74"}],"curies":[{"name":"wp","href":"https:\/\/api.w.org\/{rel}","templated":true}]}}